{"id":2901,"date":"2024-03-07T11:23:59","date_gmt":"2024-03-07T11:23:59","guid":{"rendered":"http:\/\/publicaciones.unedzamora.es\/?page_id=2901"},"modified":"2026-05-07T17:54:59","modified_gmt":"2026-05-07T17:54:59","slug":"videos-entrevistas","status":"publish","type":"page","link":"https:\/\/publicaciones.unedzamora.es\/index.php\/videos-entrevistas\/","title":{"rendered":"Videos entrevistas"},"content":{"rendered":"\t\t<div data-elementor-type=\"wp-page\" data-elementor-id=\"2901\" class=\"elementor elementor-2901\" data-elementor-post-type=\"page\">\n\t\t\t\t\t\t\t\t\t<section class=\"elementor-section elementor-top-section elementor-element elementor-element-2f47fff elementor-section-boxed elementor-section-height-default elementor-section-height-default\" data-id=\"2f47fff\" data-element_type=\"section\">\n\t\t\t\t\t\t<div class=\"elementor-container elementor-column-gap-default\">\n\t\t\t\t\t<div class=\"elementor-column elementor-col-100 elementor-top-column elementor-element elementor-element-c1dee85\" data-id=\"c1dee85\" data-element_type=\"column\">\n\t\t\t<div class=\"elementor-widget-wrap elementor-element-populated\">\n\t\t\t\t\t\t\t\t<div class=\"elementor-element elementor-element-34312b2 eael_simple_menu_hamburger_disable_selected_menu_no eael-simple-menu-hamburger-align-right eael-hamburger--tablet elementor-widget elementor-widget-eael-simple-menu\" data-id=\"34312b2\" data-element_type=\"widget\" data-widget_type=\"eael-simple-menu.default\">\n\t\t\t\t<div class=\"elementor-widget-container\">\n\t\t\t<style>\n                        @media screen and (max-width: 1024px) {\n                            .eael-hamburger--tablet {\n                                .eael-simple-menu-horizontal,\n                                .eael-simple-menu-vertical {\n                                    display: none;\n                                }\n                            }\n                            .eael-hamburger--tablet {\n                                .eael-simple-menu-container .eael-simple-menu-toggle {\n                                    display: block;\n                                }\n                            }\n                        }\n                    <\/style>            <div data-hamburger-icon=\"&lt;i aria-hidden=&quot;true&quot; class=&quot;fas fa-bars&quot;&gt;&lt;\/i&gt;\" data-indicator-icon=\"&lt;i aria-hidden=&quot;true&quot; class=&quot;fas fa-angle-down&quot;&gt;&lt;\/i&gt;\" data-dropdown-indicator-icon=\"&lt;i class=&quot;fas fa-angle-down&quot;&gt;&lt;\/i&gt;\" class=\"eael-simple-menu-container eael-simple-menu-align-left eael-simple-menu-dropdown-align-left preset-1\" data-hamburger-breakpoints=\"{&quot;mobile&quot;:&quot;M\\u00f3vil vertical (&gt; 767px)&quot;,&quot;tablet&quot;:&quot;Tableta vertical (&gt; 1024px)&quot;,&quot;desktop&quot;:&quot;Escritorio (&gt; 2400px)&quot;,&quot;none&quot;:&quot;Ninguno&quot;}\" data-hamburger-device=\"tablet\">\n                <ul id=\"menu-principal\" class=\"eael-simple-menu eael-simple-menu-dropdown-animate-to-top eael-simple-menu-indicator eael-simple-menu-horizontal\"><li id=\"menu-item-2897\" class=\"menu-item menu-item-type-post_type menu-item-object-page menu-item-home menu-item-2897\"><a href=\"https:\/\/publicaciones.unedzamora.es\/\">Publicaciones<\/a><\/li>\n<li id=\"menu-item-2912\" class=\"menu-item menu-item-type-post_type menu-item-object-page menu-item-2912\"><a href=\"https:\/\/publicaciones.unedzamora.es\/index.php\/videos-entrevistas\/\">Videos entrevistas<\/a><\/li>\n<\/ul>                <button class=\"eael-simple-menu-toggle\">\n                    <i aria-hidden=\"true\" class=\"fas fa-bars\"><\/i>                <\/button>\n            <\/div>\n            \t\t<\/div>\n\t\t\t\t<\/div>\n\t\t\t\t\t<\/div>\n\t\t<\/div>\n\t\t\t\t\t\t\t<\/div>\n\t\t<\/section>\n\t\t\t\t<section class=\"elementor-section elementor-top-section elementor-element elementor-element-0789d84 elementor-section-boxed elementor-section-height-default elementor-section-height-default\" data-id=\"0789d84\" data-element_type=\"section\">\n\t\t\t\t\t\t<div class=\"elementor-container elementor-column-gap-default\">\n\t\t\t\t\t<div class=\"elementor-column elementor-col-100 elementor-top-column elementor-element elementor-element-3811585\" data-id=\"3811585\" data-element_type=\"column\">\n\t\t\t<div class=\"elementor-widget-wrap elementor-element-populated\">\n\t\t\t\t\t\t\t\t<div class=\"elementor-element elementor-element-cbf9e5e elementor-grid-4 elementor-posts--align-left elementor-widget-mobile__width-inherit elementor-grid-tablet-2 elementor-grid-mobile-1 elementor-posts--thumbnail-top elementor-widget elementor-widget-posts\" data-id=\"cbf9e5e\" data-element_type=\"widget\" data-settings=\"{&quot;classic_columns&quot;:&quot;4&quot;,&quot;classic_row_gap_mobile&quot;:{&quot;unit&quot;:&quot;px&quot;,&quot;size&quot;:35,&quot;sizes&quot;:[]},&quot;classic_columns_tablet&quot;:&quot;2&quot;,&quot;classic_columns_mobile&quot;:&quot;1&quot;,&quot;classic_row_gap&quot;:{&quot;unit&quot;:&quot;px&quot;,&quot;size&quot;:35,&quot;sizes&quot;:[]},&quot;classic_row_gap_tablet&quot;:{&quot;unit&quot;:&quot;px&quot;,&quot;size&quot;:&quot;&quot;,&quot;sizes&quot;:[]}}\" data-widget_type=\"posts.classic\">\n\t\t\t\t<div class=\"elementor-widget-container\">\n\t\t\t<link rel=\"stylesheet\" href=\"https:\/\/publicaciones.unedzamora.es\/wp-content\/plugins\/elementor-pro\/assets\/css\/widget-posts.min.css\">\t\t<div class=\"elementor-posts-container elementor-posts elementor-posts--skin-classic elementor-grid\">\n\t\t\t\t<article class=\"elementor-post elementor-grid-item post-3494 post type-post status-publish format-standard has-post-thumbnail hentry category-noticias\">\n\t\t\t\t<a class=\"elementor-post__thumbnail__link\" href=\"https:\/\/publicaciones.unedzamora.es\/index.php\/2026\/05\/08\/conferencia-la-globalizacion-de-la-matematica-a-traves-de-los-icm\/\" >\n\t\t\t<div class=\"elementor-post__thumbnail\"><img fetchpriority=\"high\" decoding=\"async\" width=\"300\" height=\"204\" src=\"https:\/\/publicaciones.unedzamora.es\/wp-content\/uploads\/2026\/05\/Conferencia-La-globalizacion-de-la-matematica-a-traves-de-los-ICM-1-300x204.png\" class=\"attachment-medium size-medium wp-image-3495\" alt=\"\" srcset=\"https:\/\/publicaciones.unedzamora.es\/wp-content\/uploads\/2026\/05\/Conferencia-La-globalizacion-de-la-matematica-a-traves-de-los-ICM-1-300x204.png 300w, https:\/\/publicaciones.unedzamora.es\/wp-content\/uploads\/2026\/05\/Conferencia-La-globalizacion-de-la-matematica-a-traves-de-los-ICM-1-1024x695.png 1024w, https:\/\/publicaciones.unedzamora.es\/wp-content\/uploads\/2026\/05\/Conferencia-La-globalizacion-de-la-matematica-a-traves-de-los-ICM-1-768x521.png 768w, https:\/\/publicaciones.unedzamora.es\/wp-content\/uploads\/2026\/05\/Conferencia-La-globalizacion-de-la-matematica-a-traves-de-los-ICM-1.png 1414w\" sizes=\"(max-width: 300px) 100vw, 300px\" \/><\/div>\n\t\t<\/a>\n\t\t\t\t<div class=\"elementor-post__text\">\n\t\t\t\t<h3 class=\"elementor-post__title\">\n\t\t\t<a href=\"https:\/\/publicaciones.unedzamora.es\/index.php\/2026\/05\/08\/conferencia-la-globalizacion-de-la-matematica-a-traves-de-los-icm\/\" >\n\t\t\t\tEntrevista conferencia: \u201cLa globalizaci\u00f3n de la matem\u00e1tica a trav\u00e9s de los \u00a0ICM&#8221;\t\t\t<\/a>\n\t\t<\/h3>\n\t\t\t\t<div class=\"elementor-post__meta-data\">\n\t\t\t\t\t<span class=\"elementor-post-date\">\n\t\t\tmayo 8, 2026\t\t<\/span>\n\t\t\t\t<\/div>\n\t\t\n\t\t<a class=\"elementor-post__read-more\" href=\"https:\/\/publicaciones.unedzamora.es\/index.php\/2026\/05\/08\/conferencia-la-globalizacion-de-la-matematica-a-traves-de-los-icm\/\" aria-label=\"Read more about Entrevista conferencia: \u201cLa globalizaci\u00f3n de la matem\u00e1tica a trav\u00e9s de los \u00a0ICM&#8221;\" >\n\t\t\tLeer m\u00e1s \u00bb\t\t<\/a>\n\n\t\t\t\t<\/div>\n\t\t\t\t<\/article>\n\t\t\t\t<article class=\"elementor-post elementor-grid-item post-3426 post type-post status-publish format-standard has-post-thumbnail hentry category-noticias\">\n\t\t\t\t<a class=\"elementor-post__thumbnail__link\" href=\"https:\/\/publicaciones.unedzamora.es\/index.php\/2026\/05\/07\/evaluacion-de-politicas-publicas-transporte-y-territorio\/\" >\n\t\t\t<div class=\"elementor-post__thumbnail\"><img decoding=\"async\" width=\"300\" height=\"209\" src=\"https:\/\/publicaciones.unedzamora.es\/wp-content\/uploads\/2026\/05\/ChatGPT-Image-18-mar-2026-18_37_43-300x209.png\" class=\"attachment-medium size-medium wp-image-3435\" alt=\"\" srcset=\"https:\/\/publicaciones.unedzamora.es\/wp-content\/uploads\/2026\/05\/ChatGPT-Image-18-mar-2026-18_37_43-300x209.png 300w, https:\/\/publicaciones.unedzamora.es\/wp-content\/uploads\/2026\/05\/ChatGPT-Image-18-mar-2026-18_37_43-768x534.png 768w, https:\/\/publicaciones.unedzamora.es\/wp-content\/uploads\/2026\/05\/ChatGPT-Image-18-mar-2026-18_37_43.png 1024w\" sizes=\"(max-width: 300px) 100vw, 300px\" \/><\/div>\n\t\t<\/a>\n\t\t\t\t<div class=\"elementor-post__text\">\n\t\t\t\t<h3 class=\"elementor-post__title\">\n\t\t\t<a href=\"https:\/\/publicaciones.unedzamora.es\/index.php\/2026\/05\/07\/evaluacion-de-politicas-publicas-transporte-y-territorio\/\" >\n\t\t\t\tEntrevistas curso: Evaluaci\u00f3n de Pol\u00edticas p\u00fablicas: Transporte y Territorio\t\t\t<\/a>\n\t\t<\/h3>\n\t\t\t\t<div class=\"elementor-post__meta-data\">\n\t\t\t\t\t<span class=\"elementor-post-date\">\n\t\t\tmayo 7, 2026\t\t<\/span>\n\t\t\t\t<\/div>\n\t\t\n\t\t<a class=\"elementor-post__read-more\" href=\"https:\/\/publicaciones.unedzamora.es\/index.php\/2026\/05\/07\/evaluacion-de-politicas-publicas-transporte-y-territorio\/\" aria-label=\"Read more about Entrevistas curso: Evaluaci\u00f3n de Pol\u00edticas p\u00fablicas: Transporte y Territorio\" >\n\t\t\tLeer m\u00e1s \u00bb\t\t<\/a>\n\n\t\t\t\t<\/div>\n\t\t\t\t<\/article>\n\t\t\t\t<article class=\"elementor-post elementor-grid-item post-3420 post type-post status-publish format-standard has-post-thumbnail hentry category-noticias\">\n\t\t\t\t<a class=\"elementor-post__thumbnail__link\" href=\"https:\/\/publicaciones.unedzamora.es\/index.php\/2026\/05\/07\/inteligencia-artificial-para-el-dia-a-dia\/\" >\n\t\t\t<div class=\"elementor-post__thumbnail\"><img decoding=\"async\" width=\"300\" height=\"300\" src=\"https:\/\/publicaciones.unedzamora.es\/wp-content\/uploads\/2026\/05\/1ca204ff-0cb8-42c3-8f33-613f66feb383-300x300.jpg\" class=\"attachment-medium size-medium wp-image-3436\" alt=\"\" srcset=\"https:\/\/publicaciones.unedzamora.es\/wp-content\/uploads\/2026\/05\/1ca204ff-0cb8-42c3-8f33-613f66feb383-300x300.jpg 300w, https:\/\/publicaciones.unedzamora.es\/wp-content\/uploads\/2026\/05\/1ca204ff-0cb8-42c3-8f33-613f66feb383-150x150.jpg 150w, https:\/\/publicaciones.unedzamora.es\/wp-content\/uploads\/2026\/05\/1ca204ff-0cb8-42c3-8f33-613f66feb383-768x768.jpg 768w, https:\/\/publicaciones.unedzamora.es\/wp-content\/uploads\/2026\/05\/1ca204ff-0cb8-42c3-8f33-613f66feb383-700x700.jpg 700w, https:\/\/publicaciones.unedzamora.es\/wp-content\/uploads\/2026\/05\/1ca204ff-0cb8-42c3-8f33-613f66feb383.jpg 1024w\" sizes=\"(max-width: 300px) 100vw, 300px\" \/><\/div>\n\t\t<\/a>\n\t\t\t\t<div class=\"elementor-post__text\">\n\t\t\t\t<h3 class=\"elementor-post__title\">\n\t\t\t<a href=\"https:\/\/publicaciones.unedzamora.es\/index.php\/2026\/05\/07\/inteligencia-artificial-para-el-dia-a-dia\/\" >\n\t\t\t\tEntrevistas curso: Inteligencia Artificial para el d\u00eda a d\u00eda\t\t\t<\/a>\n\t\t<\/h3>\n\t\t\t\t<div class=\"elementor-post__meta-data\">\n\t\t\t\t\t<span class=\"elementor-post-date\">\n\t\t\tmayo 7, 2026\t\t<\/span>\n\t\t\t\t<\/div>\n\t\t\n\t\t<a class=\"elementor-post__read-more\" href=\"https:\/\/publicaciones.unedzamora.es\/index.php\/2026\/05\/07\/inteligencia-artificial-para-el-dia-a-dia\/\" aria-label=\"Read more about Entrevistas curso: Inteligencia Artificial para el d\u00eda a d\u00eda\" >\n\t\t\tLeer m\u00e1s \u00bb\t\t<\/a>\n\n\t\t\t\t<\/div>\n\t\t\t\t<\/article>\n\t\t\t\t<article class=\"elementor-post elementor-grid-item post-3413 post type-post status-publish format-standard has-post-thumbnail hentry category-noticias\">\n\t\t\t\t<a class=\"elementor-post__thumbnail__link\" href=\"https:\/\/publicaciones.unedzamora.es\/index.php\/2026\/05\/07\/la-inteligencia-artificial-al-habla-como-hemos-llegado-a-crear-sistemas-como-chatgpt\/\" >\n\t\t\t<div class=\"elementor-post__thumbnail\"><img loading=\"lazy\" decoding=\"async\" width=\"300\" height=\"164\" src=\"https:\/\/publicaciones.unedzamora.es\/wp-content\/uploads\/2026\/05\/zamora_IA-300x164.png\" class=\"attachment-medium size-medium wp-image-3419\" alt=\"\" srcset=\"https:\/\/publicaciones.unedzamora.es\/wp-content\/uploads\/2026\/05\/zamora_IA-300x164.png 300w, https:\/\/publicaciones.unedzamora.es\/wp-content\/uploads\/2026\/05\/zamora_IA-768x421.png 768w, https:\/\/publicaciones.unedzamora.es\/wp-content\/uploads\/2026\/05\/zamora_IA.png 907w\" sizes=\"(max-width: 300px) 100vw, 300px\" \/><\/div>\n\t\t<\/a>\n\t\t\t\t<div class=\"elementor-post__text\">\n\t\t\t\t<h3 class=\"elementor-post__title\">\n\t\t\t<a href=\"https:\/\/publicaciones.unedzamora.es\/index.php\/2026\/05\/07\/la-inteligencia-artificial-al-habla-como-hemos-llegado-a-crear-sistemas-como-chatgpt\/\" >\n\t\t\t\tEntrevistas curso: La inteligencia artificial al habla: \u00bfC\u00f3mo hemos llegado a crear sistemas como ChatGPT?\t\t\t<\/a>\n\t\t<\/h3>\n\t\t\t\t<div class=\"elementor-post__meta-data\">\n\t\t\t\t\t<span class=\"elementor-post-date\">\n\t\t\tmayo 7, 2026\t\t<\/span>\n\t\t\t\t<\/div>\n\t\t\n\t\t<a class=\"elementor-post__read-more\" href=\"https:\/\/publicaciones.unedzamora.es\/index.php\/2026\/05\/07\/la-inteligencia-artificial-al-habla-como-hemos-llegado-a-crear-sistemas-como-chatgpt\/\" aria-label=\"Read more about Entrevistas curso: La inteligencia artificial al habla: \u00bfC\u00f3mo hemos llegado a crear sistemas como ChatGPT?\" >\n\t\t\tLeer m\u00e1s \u00bb\t\t<\/a>\n\n\t\t\t\t<\/div>\n\t\t\t\t<\/article>\n\t\t\t\t<article class=\"elementor-post elementor-grid-item post-3402 post type-post status-publish format-standard has-post-thumbnail hentry category-noticias\">\n\t\t\t\t<a class=\"elementor-post__thumbnail__link\" href=\"https:\/\/publicaciones.unedzamora.es\/index.php\/2025\/05\/13\/ii-jornadas-atlas-agora-de-formacion-de-profesorado-de-lenguas-en-entornos-rurales-repensando-las-lenguas-en-la-escuela-rural-identidad-oportunidad-inclusion\/\" >\n\t\t\t<div class=\"elementor-post__thumbnail\"><img loading=\"lazy\" decoding=\"async\" width=\"300\" height=\"114\" src=\"https:\/\/publicaciones.unedzamora.es\/wp-content\/uploads\/2026\/05\/1-300x114.png\" class=\"attachment-medium size-medium wp-image-3408\" alt=\"\" srcset=\"https:\/\/publicaciones.unedzamora.es\/wp-content\/uploads\/2026\/05\/1-300x114.png 300w, https:\/\/publicaciones.unedzamora.es\/wp-content\/uploads\/2026\/05\/1-1024x389.png 1024w, https:\/\/publicaciones.unedzamora.es\/wp-content\/uploads\/2026\/05\/1-768x292.png 768w, https:\/\/publicaciones.unedzamora.es\/wp-content\/uploads\/2026\/05\/1.png 1410w\" sizes=\"(max-width: 300px) 100vw, 300px\" \/><\/div>\n\t\t<\/a>\n\t\t\t\t<div class=\"elementor-post__text\">\n\t\t\t\t<h3 class=\"elementor-post__title\">\n\t\t\t<a href=\"https:\/\/publicaciones.unedzamora.es\/index.php\/2025\/05\/13\/ii-jornadas-atlas-agora-de-formacion-de-profesorado-de-lenguas-en-entornos-rurales-repensando-las-lenguas-en-la-escuela-rural-identidad-oportunidad-inclusion\/\" >\n\t\t\t\tEntrevistas curso: II Jornadas ATLAS-\u00c1GORA de Formaci\u00f3n de Profesorado de Lenguas en Entornos Rurales\t\t\t<\/a>\n\t\t<\/h3>\n\t\t\t\t<div class=\"elementor-post__meta-data\">\n\t\t\t\t\t<span class=\"elementor-post-date\">\n\t\t\tmayo 13, 2025\t\t<\/span>\n\t\t\t\t<\/div>\n\t\t\n\t\t<a class=\"elementor-post__read-more\" href=\"https:\/\/publicaciones.unedzamora.es\/index.php\/2025\/05\/13\/ii-jornadas-atlas-agora-de-formacion-de-profesorado-de-lenguas-en-entornos-rurales-repensando-las-lenguas-en-la-escuela-rural-identidad-oportunidad-inclusion\/\" aria-label=\"Read more about Entrevistas curso: II Jornadas ATLAS-\u00c1GORA de Formaci\u00f3n de Profesorado de Lenguas en Entornos Rurales\" >\n\t\t\tLeer m\u00e1s \u00bb\t\t<\/a>\n\n\t\t\t\t<\/div>\n\t\t\t\t<\/article>\n\t\t\t\t<article class=\"elementor-post elementor-grid-item post-2939 post type-post status-publish format-standard has-post-thumbnail hentry category-noticias\">\n\t\t\t\t<a class=\"elementor-post__thumbnail__link\" href=\"https:\/\/publicaciones.unedzamora.es\/index.php\/2024\/03\/07\/entrevistas-curso-las-energias-en-la-economia-zamorana\/\" >\n\t\t\t<div class=\"elementor-post__thumbnail\"><img loading=\"lazy\" decoding=\"async\" width=\"300\" height=\"169\" src=\"https:\/\/publicaciones.unedzamora.es\/wp-content\/uploads\/2024\/03\/Entrevistas-curso-energias2-300x169.png\" class=\"attachment-medium size-medium wp-image-2950\" alt=\"\" srcset=\"https:\/\/publicaciones.unedzamora.es\/wp-content\/uploads\/2024\/03\/Entrevistas-curso-energias2-300x169.png 300w, https:\/\/publicaciones.unedzamora.es\/wp-content\/uploads\/2024\/03\/Entrevistas-curso-energias2-1024x576.png 1024w, https:\/\/publicaciones.unedzamora.es\/wp-content\/uploads\/2024\/03\/Entrevistas-curso-energias2-768x432.png 768w, https:\/\/publicaciones.unedzamora.es\/wp-content\/uploads\/2024\/03\/Entrevistas-curso-energias2-1536x864.png 1536w, https:\/\/publicaciones.unedzamora.es\/wp-content\/uploads\/2024\/03\/Entrevistas-curso-energias2.png 1920w\" sizes=\"(max-width: 300px) 100vw, 300px\" \/><\/div>\n\t\t<\/a>\n\t\t\t\t<div class=\"elementor-post__text\">\n\t\t\t\t<h3 class=\"elementor-post__title\">\n\t\t\t<a href=\"https:\/\/publicaciones.unedzamora.es\/index.php\/2024\/03\/07\/entrevistas-curso-las-energias-en-la-economia-zamorana\/\" >\n\t\t\t\tEntrevistas curso: Las energ\u00edas en la econom\u00eda zamorana\t\t\t<\/a>\n\t\t<\/h3>\n\t\t\t\t<div class=\"elementor-post__meta-data\">\n\t\t\t\t\t<span class=\"elementor-post-date\">\n\t\t\tmarzo 7, 2024\t\t<\/span>\n\t\t\t\t<\/div>\n\t\t\n\t\t<a class=\"elementor-post__read-more\" href=\"https:\/\/publicaciones.unedzamora.es\/index.php\/2024\/03\/07\/entrevistas-curso-las-energias-en-la-economia-zamorana\/\" aria-label=\"Read more about Entrevistas curso: Las energ\u00edas en la econom\u00eda zamorana\" >\n\t\t\tLeer m\u00e1s \u00bb\t\t<\/a>\n\n\t\t\t\t<\/div>\n\t\t\t\t<\/article>\n\t\t\t\t<article class=\"elementor-post elementor-grid-item post-2966 post type-post status-publish format-standard has-post-thumbnail hentry category-noticias\">\n\t\t\t\t<a class=\"elementor-post__thumbnail__link\" href=\"https:\/\/publicaciones.unedzamora.es\/index.php\/2023\/05\/22\/entrevistas-curso-xvii-encuentro-el-duero-douro-patrimonio-comun-los-vinos-del-duero-douro-retos-y-perspectiva\/\" >\n\t\t\t<div class=\"elementor-post__thumbnail\"><img loading=\"lazy\" decoding=\"async\" width=\"300\" height=\"196\" src=\"https:\/\/publicaciones.unedzamora.es\/wp-content\/uploads\/2024\/03\/IMG-0240-scaled-1-300x196.jpg\" class=\"attachment-medium size-medium wp-image-2971\" alt=\"\" srcset=\"https:\/\/publicaciones.unedzamora.es\/wp-content\/uploads\/2024\/03\/IMG-0240-scaled-1-300x196.jpg 300w, https:\/\/publicaciones.unedzamora.es\/wp-content\/uploads\/2024\/03\/IMG-0240-scaled-1-1024x669.jpg 1024w, https:\/\/publicaciones.unedzamora.es\/wp-content\/uploads\/2024\/03\/IMG-0240-scaled-1-768x502.jpg 768w, https:\/\/publicaciones.unedzamora.es\/wp-content\/uploads\/2024\/03\/IMG-0240-scaled-1-1536x1003.jpg 1536w, https:\/\/publicaciones.unedzamora.es\/wp-content\/uploads\/2024\/03\/IMG-0240-scaled-1-2048x1338.jpg 2048w\" sizes=\"(max-width: 300px) 100vw, 300px\" \/><\/div>\n\t\t<\/a>\n\t\t\t\t<div class=\"elementor-post__text\">\n\t\t\t\t<h3 class=\"elementor-post__title\">\n\t\t\t<a href=\"https:\/\/publicaciones.unedzamora.es\/index.php\/2023\/05\/22\/entrevistas-curso-xvii-encuentro-el-duero-douro-patrimonio-comun-los-vinos-del-duero-douro-retos-y-perspectiva\/\" >\n\t\t\t\tEntrevistas curso: XVII Encuentro el Duero\/Douro, patrimonio com\u00fan. Los vinos del Duero\/Douro: Retos y perspectiva.\t\t\t<\/a>\n\t\t<\/h3>\n\t\t\t\t<div class=\"elementor-post__meta-data\">\n\t\t\t\t\t<span class=\"elementor-post-date\">\n\t\t\tmayo 22, 2023\t\t<\/span>\n\t\t\t\t<\/div>\n\t\t\n\t\t<a class=\"elementor-post__read-more\" href=\"https:\/\/publicaciones.unedzamora.es\/index.php\/2023\/05\/22\/entrevistas-curso-xvii-encuentro-el-duero-douro-patrimonio-comun-los-vinos-del-duero-douro-retos-y-perspectiva\/\" aria-label=\"Read more about Entrevistas curso: XVII Encuentro el Duero\/Douro, patrimonio com\u00fan. Los vinos del Duero\/Douro: Retos y perspectiva.\" >\n\t\t\tLeer m\u00e1s \u00bb\t\t<\/a>\n\n\t\t\t\t<\/div>\n\t\t\t\t<\/article>\n\t\t\t\t<article class=\"elementor-post elementor-grid-item post-2923 post type-post status-publish format-standard has-post-thumbnail hentry category-noticias\">\n\t\t\t\t<a class=\"elementor-post__thumbnail__link\" href=\"https:\/\/publicaciones.unedzamora.es\/index.php\/2023\/05\/18\/entrevistas-curso-el-sector-del-ovino-y-sus-productos-de-la-economia-zamorana\/\" >\n\t\t\t<div class=\"elementor-post__thumbnail\"><img loading=\"lazy\" decoding=\"async\" width=\"300\" height=\"206\" src=\"https:\/\/publicaciones.unedzamora.es\/wp-content\/uploads\/2024\/03\/imagen_2022-07-05_105432186-300x206.png\" class=\"attachment-medium size-medium wp-image-2951\" alt=\"\" srcset=\"https:\/\/publicaciones.unedzamora.es\/wp-content\/uploads\/2024\/03\/imagen_2022-07-05_105432186-300x206.png 300w, https:\/\/publicaciones.unedzamora.es\/wp-content\/uploads\/2024\/03\/imagen_2022-07-05_105432186.png 722w\" sizes=\"(max-width: 300px) 100vw, 300px\" \/><\/div>\n\t\t<\/a>\n\t\t\t\t<div class=\"elementor-post__text\">\n\t\t\t\t<h3 class=\"elementor-post__title\">\n\t\t\t<a href=\"https:\/\/publicaciones.unedzamora.es\/index.php\/2023\/05\/18\/entrevistas-curso-el-sector-del-ovino-y-sus-productos-de-la-economia-zamorana\/\" >\n\t\t\t\tEntrevistas curso: El sector del ovino y sus productos de la econom\u00eda zamorana\t\t\t<\/a>\n\t\t<\/h3>\n\t\t\t\t<div class=\"elementor-post__meta-data\">\n\t\t\t\t\t<span class=\"elementor-post-date\">\n\t\t\tmayo 18, 2023\t\t<\/span>\n\t\t\t\t<\/div>\n\t\t\n\t\t<a class=\"elementor-post__read-more\" href=\"https:\/\/publicaciones.unedzamora.es\/index.php\/2023\/05\/18\/entrevistas-curso-el-sector-del-ovino-y-sus-productos-de-la-economia-zamorana\/\" aria-label=\"Read more about Entrevistas curso: El sector del ovino y sus productos de la econom\u00eda zamorana\" >\n\t\t\tLeer m\u00e1s \u00bb\t\t<\/a>\n\n\t\t\t\t<\/div>\n\t\t\t\t<\/article>\n\t\t\t\t<article class=\"elementor-post elementor-grid-item post-2934 post type-post status-publish format-standard has-post-thumbnail hentry category-noticias\">\n\t\t\t\t<a class=\"elementor-post__thumbnail__link\" href=\"https:\/\/publicaciones.unedzamora.es\/index.php\/2023\/05\/08\/entrevistas-curso-los-espacios-naturales-que-nos-identifican\/\" >\n\t\t\t<div class=\"elementor-post__thumbnail\"><img loading=\"lazy\" decoding=\"async\" width=\"300\" height=\"225\" src=\"https:\/\/publicaciones.unedzamora.es\/wp-content\/uploads\/2024\/03\/imagen_principal-300x225.jpg\" class=\"attachment-medium size-medium wp-image-2952\" alt=\"\" srcset=\"https:\/\/publicaciones.unedzamora.es\/wp-content\/uploads\/2024\/03\/imagen_principal-300x225.jpg 300w, https:\/\/publicaciones.unedzamora.es\/wp-content\/uploads\/2024\/03\/imagen_principal-1024x768.jpg 1024w, https:\/\/publicaciones.unedzamora.es\/wp-content\/uploads\/2024\/03\/imagen_principal-768x576.jpg 768w, https:\/\/publicaciones.unedzamora.es\/wp-content\/uploads\/2024\/03\/imagen_principal-1536x1152.jpg 1536w, https:\/\/publicaciones.unedzamora.es\/wp-content\/uploads\/2024\/03\/imagen_principal.jpg 1920w\" sizes=\"(max-width: 300px) 100vw, 300px\" \/><\/div>\n\t\t<\/a>\n\t\t\t\t<div class=\"elementor-post__text\">\n\t\t\t\t<h3 class=\"elementor-post__title\">\n\t\t\t<a href=\"https:\/\/publicaciones.unedzamora.es\/index.php\/2023\/05\/08\/entrevistas-curso-los-espacios-naturales-que-nos-identifican\/\" >\n\t\t\t\tEntrevistas curso: Los espacios naturales que nos identifican\t\t\t<\/a>\n\t\t<\/h3>\n\t\t\t\t<div class=\"elementor-post__meta-data\">\n\t\t\t\t\t<span class=\"elementor-post-date\">\n\t\t\tmayo 8, 2023\t\t<\/span>\n\t\t\t\t<\/div>\n\t\t\n\t\t<a class=\"elementor-post__read-more\" href=\"https:\/\/publicaciones.unedzamora.es\/index.php\/2023\/05\/08\/entrevistas-curso-los-espacios-naturales-que-nos-identifican\/\" aria-label=\"Read more about Entrevistas curso: Los espacios naturales que nos identifican\" >\n\t\t\tLeer m\u00e1s \u00bb\t\t<\/a>\n\n\t\t\t\t<\/div>\n\t\t\t\t<\/article>\n\t\t\t\t<\/div>\n\t\t\n\t\t\t\t<\/div>\n\t\t\t\t<\/div>\n\t\t\t\t\t<\/div>\n\t\t<\/div>\n\t\t\t\t\t\t\t<\/div>\n\t\t<\/section>\n\t\t\t\t\t\t\t<\/div>\n\t\t","protected":false},"excerpt":{"rendered":"<p>Publicaciones Videos entrevistas<\/p>\n","protected":false},"author":4,"featured_media":0,"parent":0,"menu_order":0,"comment_status":"closed","ping_status":"closed","template":"","meta":{"footnotes":""},"_links":{"self":[{"href":"https:\/\/publicaciones.unedzamora.es\/index.php\/wp-json\/wp\/v2\/pages\/2901"}],"collection":[{"href":"https:\/\/publicaciones.unedzamora.es\/index.php\/wp-json\/wp\/v2\/pages"}],"about":[{"href":"https:\/\/publicaciones.unedzamora.es\/index.php\/wp-json\/wp\/v2\/types\/page"}],"author":[{"embeddable":true,"href":"https:\/\/publicaciones.unedzamora.es\/index.php\/wp-json\/wp\/v2\/users\/4"}],"replies":[{"embeddable":true,"href":"https:\/\/publicaciones.unedzamora.es\/index.php\/wp-json\/wp\/v2\/comments?post=2901"}],"version-history":[{"count":61,"href":"https:\/\/publicaciones.unedzamora.es\/index.php\/wp-json\/wp\/v2\/pages\/2901\/revisions"}],"predecessor-version":[{"id":3486,"href":"https:\/\/publicaciones.unedzamora.es\/index.php\/wp-json\/wp\/v2\/pages\/2901\/revisions\/3486"}],"wp:attachment":[{"href":"https:\/\/publicaciones.unedzamora.es\/index.php\/wp-json\/wp\/v2\/media?parent=2901"}],"curies":[{"name":"wp","href":"https:\/\/api.w.org\/{rel}","templated":true}]}}